{"id":10392,"date":"2022-03-07T17:25:37","date_gmt":"2022-03-07T17:25:37","guid":{"rendered":"https:\/\/m-pmp.hr\/about-us\/"},"modified":"2024-11-24T11:46:50","modified_gmt":"2024-11-24T11:46:50","slug":"about-us","status":"publish","type":"page","link":"https:\/\/m-pmp.hr\/en\/about-us\/","title":{"rendered":"ABOUT US"},"content":{"rendered":"\t\t<div data-elementor-type=\"wp-page\" data-elementor-id=\"10392\" class=\"elementor elementor-10392\">\n\t\t\t\t\t\t\t\t\t<section class=\"elementor-section elementor-top-section elementor-element elementor-element-29f7a6cc elementor-section-boxed elementor-section-height-default elementor-section-height-default mkdf-parallax-row-no mkdf-content-aligment-left mkdf-elementor-row-grid-no mkdf-disabled-bg-image-bellow-no mkdf-row-btt-light\" data-id=\"29f7a6cc\" data-element_type=\"section\">\n\t\t\t\t\t\t<div class=\"elementor-container elementor-column-gap-default\">\n\t\t\t\t\t<div class=\"elementor-column elementor-col-100 elementor-top-column elementor-element elementor-element-367d8f10\" data-id=\"367d8f10\" data-element_type=\"column\">\n\t\t\t<div class=\"elementor-widget-wrap\">\n\t\t\t\t\t\t\t\t\t<\/div>\n\t\t<\/div>\n\t\t\t\t\t\t\t<\/div>\n\t\t<\/section>\n\t\t\t\t<section class=\"elementor-section elementor-top-section elementor-element elementor-element-9a18520 elementor-section-content-middle elementor-section-boxed elementor-section-height-default elementor-section-height-default mkdf-parallax-row-no mkdf-content-aligment-left mkdf-elementor-row-grid-no mkdf-disabled-bg-image-bellow-no mkdf-row-btt-light\" data-id=\"9a18520\" data-element_type=\"section\">\n\t\t\t\t\t\t<div class=\"elementor-container elementor-column-gap-no\">\n\t\t\t\t\t<div class=\"elementor-column elementor-col-50 elementor-top-column elementor-element elementor-element-1227c86e\" data-id=\"1227c86e\" data-element_type=\"column\">\n\t\t\t<div class=\"elementor-widget-wrap elementor-element-populated\">\n\t\t\t\t\t\t\t\t<div class=\"elementor-element elementor-element-16214d8d elementor-widget elementor-widget-image\" data-id=\"16214d8d\" data-element_type=\"widget\" data-widget_type=\"image.default\">\n\t\t\t\t<div class=\"elementor-widget-container\">\n\t\t\t\t\t\t\t\t\t\t\t\t\t\t\t<img width=\"2560\" height=\"1440\" src=\"https:\/\/m-pmp.hr\/wp-content\/uploads\/2024\/11\/slika-1-scaled.jpg\" class=\"attachment-full size-full\" alt=\"\" loading=\"lazy\" srcset=\"https:\/\/m-pmp.hr\/wp-content\/uploads\/2024\/11\/slika-1-scaled.jpg 2560w, https:\/\/m-pmp.hr\/wp-content\/uploads\/2024\/11\/slika-1-300x169.jpg 300w, https:\/\/m-pmp.hr\/wp-content\/uploads\/2024\/11\/slika-1-1024x576.jpg 1024w, https:\/\/m-pmp.hr\/wp-content\/uploads\/2024\/11\/slika-1-768x432.jpg 768w, https:\/\/m-pmp.hr\/wp-content\/uploads\/2024\/11\/slika-1-1536x864.jpg 1536w\" sizes=\"(max-width: 2560px) 100vw, 2560px\" \/>\t\t\t\t\t\t\t\t\t\t\t\t\t\t\t<\/div>\n\t\t\t\t<\/div>\n\t\t\t\t\t<\/div>\n\t\t<\/div>\n\t\t\t\t<div class=\"elementor-column elementor-col-50 elementor-top-column elementor-element elementor-element-5bf34bd9\" data-id=\"5bf34bd9\" data-element_type=\"column\">\n\t\t\t<div class=\"elementor-widget-wrap elementor-element-populated\">\n\t\t\t\t\t\t\t\t<div class=\"elementor-element elementor-element-21c4c990 elementor-widget elementor-widget-heading\" data-id=\"21c4c990\" data-element_type=\"widget\" data-widget_type=\"heading.default\">\n\t\t\t\t<div class=\"elementor-widget-container\">\n\t\t\t<h4 class=\"elementor-heading-title elementor-size-default\">ABOUT US<\/h4>\t\t<\/div>\n\t\t\t\t<\/div>\n\t\t\t\t<div class=\"elementor-element elementor-element-64699f15 elementor-widget elementor-widget-text-editor\" data-id=\"64699f15\" data-element_type=\"widget\" data-widget_type=\"text-editor.default\">\n\t\t\t\t<div class=\"elementor-widget-container\">\n\t\t\t\t\t\t\t<div class=\"wpb_text_column wpb_content_element \"><div class=\"wpb_wrapper\"><p>Me\u0111imurje PMP d.o.o. was established and registered with the Commercial Court in Vara\u017edin on September 20, 1999. The main activities of the company are construction and production of steel structures.<\/p><p>In the first few years of operating, the dominant activity of the company had been manufacturing and installation of ALU and PVC joinery, installation of gypsum partition walls and suspended ceilings, and the manufacturing and installation of various steel structures on the domestic market. The export program had begun with the production of steel welded components of the concrete mixing and transport branch of the renowned German corporation LIEBHERR (several hundred different positions are still delivered in serial production for the company), as well as various steel constructions for the prestigious German car industry giant BMW, both of which achieved an export value of up to \u20ac500,000.00 per month.<\/p><\/div><\/div>\t\t\t\t\t\t<\/div>\n\t\t\t\t<\/div>\n\t\t\t\t\t<\/div>\n\t\t<\/div>\n\t\t\t\t\t\t\t<\/div>\n\t\t<\/section>\n\t\t\t\t<section class=\"elementor-section elementor-top-section elementor-element elementor-element-892f330 elementor-section-content-middle elementor-section-boxed elementor-section-height-default elementor-section-height-default mkdf-parallax-row-no mkdf-content-aligment-left mkdf-elementor-row-grid-no mkdf-disabled-bg-image-bellow-no mkdf-row-btt-light\" data-id=\"892f330\" data-element_type=\"section\">\n\t\t\t\t\t\t<div class=\"elementor-container elementor-column-gap-no\">\n\t\t\t\t\t<div class=\"elementor-column elementor-col-50 elementor-top-column elementor-element elementor-element-1bd0403\" data-id=\"1bd0403\" data-element_type=\"column\">\n\t\t\t<div class=\"elementor-widget-wrap elementor-element-populated\">\n\t\t\t\t\t\t\t\t<div class=\"elementor-element elementor-element-9b5e765 elementor-widget elementor-widget-text-editor\" data-id=\"9b5e765\" data-element_type=\"widget\" data-widget_type=\"text-editor.default\">\n\t\t\t\t<div class=\"elementor-widget-container\">\n\t\t\t\t\t\t\t<div><div><p>After ten years of development, the company is unequivocally recognized on the market through two main job groups: construction and steel structures.<\/p><p>By the decision of the Republic of Croatia\u2019s Government Commission for the distribution of work permits pursuant to the Agreement on the execution of works in the Federal Republic of Germany with the responsible ministry, Me\u0111imurje PMP has had constant work permits since 2000, on the basis of which it performs assembly and construction work in the territory of the Federal Republic of Germany.<\/p><p>The company carries out its business activity on its own premises comprising of 11,000 m<sup>2<\/sup> of production space, 500 m<sup>2<\/sup> of office space, and 25,000 m<sup>2<\/sup> of industrial yard with its own fixed assets required for all parts of production.<\/p><\/div><\/div>\t\t\t\t\t\t<\/div>\n\t\t\t\t<\/div>\n\t\t\t\t\t<\/div>\n\t\t<\/div>\n\t\t\t\t<div class=\"elementor-column elementor-col-50 elementor-top-column elementor-element elementor-element-b66e79a\" data-id=\"b66e79a\" data-element_type=\"column\">\n\t\t\t<div class=\"elementor-widget-wrap elementor-element-populated\">\n\t\t\t\t\t\t\t\t<div class=\"elementor-element elementor-element-114818b elementor-widget elementor-widget-image\" data-id=\"114818b\" data-element_type=\"widget\" data-widget_type=\"image.default\">\n\t\t\t\t<div class=\"elementor-widget-container\">\n\t\t\t\t\t\t\t\t\t\t\t\t\t\t\t<img width=\"1794\" height=\"756\" src=\"https:\/\/m-pmp.hr\/wp-content\/uploads\/2024\/11\/slika-br2.jpg\" class=\"attachment-full size-full\" alt=\"\" loading=\"lazy\" srcset=\"https:\/\/m-pmp.hr\/wp-content\/uploads\/2024\/11\/slika-br2.jpg 1794w, https:\/\/m-pmp.hr\/wp-content\/uploads\/2024\/11\/slika-br2-300x126.jpg 300w, https:\/\/m-pmp.hr\/wp-content\/uploads\/2024\/11\/slika-br2-1024x432.jpg 1024w, https:\/\/m-pmp.hr\/wp-content\/uploads\/2024\/11\/slika-br2-768x324.jpg 768w, https:\/\/m-pmp.hr\/wp-content\/uploads\/2024\/11\/slika-br2-1536x647.jpg 1536w\" sizes=\"(max-width: 1794px) 100vw, 1794px\" \/>\t\t\t\t\t\t\t\t\t\t\t\t\t\t\t<\/div>\n\t\t\t\t<\/div>\n\t\t\t\t\t<\/div>\n\t\t<\/div>\n\t\t\t\t\t\t\t<\/div>\n\t\t<\/section>\n\t\t\t\t<section class=\"elementor-section elementor-top-section elementor-element elementor-element-5224d3ba elementor-section-content-middle elementor-section-boxed elementor-section-height-default elementor-section-height-default mkdf-parallax-row-no mkdf-content-aligment-left mkdf-elementor-row-grid-no mkdf-disabled-bg-image-bellow-no mkdf-row-btt-light\" data-id=\"5224d3ba\" data-element_type=\"section\">\n\t\t\t\t\t\t<div class=\"elementor-container elementor-column-gap-no\">\n\t\t\t\t\t<div class=\"elementor-column elementor-col-50 elementor-top-column elementor-element elementor-element-4c6f9046\" data-id=\"4c6f9046\" data-element_type=\"column\">\n\t\t\t<div class=\"elementor-widget-wrap elementor-element-populated\">\n\t\t\t\t\t\t\t\t<div class=\"elementor-element elementor-element-677307a9 elementor-widget elementor-widget-heading\" data-id=\"677307a9\" data-element_type=\"widget\" data-widget_type=\"heading.default\">\n\t\t\t\t<div class=\"elementor-widget-container\">\n\t\t\t<h3 class=\"elementor-heading-title elementor-size-default\">CERTIFICATES<\/h3>\t\t<\/div>\n\t\t\t\t<\/div>\n\t\t\t\t<div class=\"elementor-element elementor-element-1cdb23c5 elementor-widget-divider--view-line elementor-widget elementor-widget-divider\" data-id=\"1cdb23c5\" data-element_type=\"widget\" data-widget_type=\"divider.default\">\n\t\t\t\t<div class=\"elementor-widget-container\">\n\t\t\t\t\t<div class=\"elementor-divider\">\n\t\t\t<span class=\"elementor-divider-separator\">\n\t\t\t\t\t\t<\/span>\n\t\t<\/div>\n\t\t\t\t<\/div>\n\t\t\t\t<\/div>\n\t\t\t\t<div class=\"elementor-element elementor-element-44b7690b elementor-widget elementor-widget-image\" data-id=\"44b7690b\" data-element_type=\"widget\" data-widget_type=\"image.default\">\n\t\t\t\t<div class=\"elementor-widget-container\">\n\t\t\t\t\t\t\t\t\t\t\t\t\t\t\t<img width=\"300\" height=\"138\" src=\"https:\/\/m-pmp.hr\/wp-content\/uploads\/2021\/07\/Certifikati-pmp-300x138.png\" class=\"elementor-animation-grow attachment-medium size-medium\" alt=\"\" loading=\"lazy\" srcset=\"https:\/\/m-pmp.hr\/wp-content\/uploads\/2021\/07\/Certifikati-pmp-300x138.png 300w, https:\/\/m-pmp.hr\/wp-content\/uploads\/2021\/07\/Certifikati-pmp.png 650w\" sizes=\"(max-width: 300px) 100vw, 300px\" \/>\t\t\t\t\t\t\t\t\t\t\t\t\t\t\t<\/div>\n\t\t\t\t<\/div>\n\t\t\t\t\t<\/div>\n\t\t<\/div>\n\t\t\t\t<div class=\"elementor-column elementor-col-50 elementor-top-column elementor-element elementor-element-21d748d9\" data-id=\"21d748d9\" data-element_type=\"column\">\n\t\t\t<div class=\"elementor-widget-wrap\">\n\t\t\t\t\t\t\t\t\t<\/div>\n\t\t<\/div>\n\t\t\t\t\t\t\t<\/div>\n\t\t<\/section>\n\t\t\t\t<section class=\"elementor-section elementor-top-section elementor-element elementor-element-56e9f2b4 elementor-section-content-middle elementor-section-boxed elementor-section-height-default elementor-section-height-default mkdf-parallax-row-no mkdf-content-aligment-left mkdf-elementor-row-grid-no mkdf-disabled-bg-image-bellow-no mkdf-row-btt-light\" data-id=\"56e9f2b4\" data-element_type=\"section\">\n\t\t\t\t\t\t<div class=\"elementor-container elementor-column-gap-no\">\n\t\t\t\t\t<div class=\"elementor-column elementor-col-50 elementor-top-column elementor-element elementor-element-64374a9\" data-id=\"64374a9\" data-element_type=\"column\">\n\t\t\t<div class=\"elementor-widget-wrap elementor-element-populated\">\n\t\t\t\t\t\t\t\t<div class=\"elementor-element elementor-element-2973a820 elementor-widget elementor-widget-heading\" data-id=\"2973a820\" data-element_type=\"widget\" data-widget_type=\"heading.default\">\n\t\t\t\t<div class=\"elementor-widget-container\">\n\t\t\t<h3 class=\"elementor-heading-title elementor-size-default\">CONCRETE FACTORIES AND GRAVEL PITS<\/h3>\t\t<\/div>\n\t\t\t\t<\/div>\n\t\t\t\t<div class=\"elementor-element elementor-element-cf98d80 elementor-widget elementor-widget-text-editor\" data-id=\"cf98d80\" data-element_type=\"widget\" data-widget_type=\"text-editor.default\">\n\t\t\t\t<div class=\"elementor-widget-container\">\n\t\t\t\t\t\t\t<p>Within the company Me\u0111imurje PMP, there are two gravel pits (Poleve, Tur\u010di\u0161\u0107e) and Concrete factories (Prelog, Ivanovec). You can learn more about them on their respective sites.<\/p>\t\t\t\t\t\t<\/div>\n\t\t\t\t<\/div>\n\t\t\t\t<div class=\"elementor-element elementor-element-7ffdb9a4 elementor-widget-divider--view-line elementor-widget elementor-widget-divider\" data-id=\"7ffdb9a4\" data-element_type=\"widget\" data-widget_type=\"divider.default\">\n\t\t\t\t<div class=\"elementor-widget-container\">\n\t\t\t\t\t<div class=\"elementor-divider\">\n\t\t\t<span class=\"elementor-divider-separator\">\n\t\t\t\t\t\t<\/span>\n\t\t<\/div>\n\t\t\t\t<\/div>\n\t\t\t\t<\/div>\n\t\t\t\t\t<\/div>\n\t\t<\/div>\n\t\t\t\t<div class=\"elementor-column elementor-col-50 elementor-top-column elementor-element elementor-element-526ebbd1\" data-id=\"526ebbd1\" data-element_type=\"column\">\n\t\t\t<div class=\"elementor-widget-wrap elementor-element-populated\">\n\t\t\t\t\t\t\t\t<div class=\"elementor-element elementor-element-320f234 elementor-widget elementor-widget-image\" data-id=\"320f234\" data-element_type=\"widget\" data-widget_type=\"image.default\">\n\t\t\t\t<div class=\"elementor-widget-container\">\n\t\t\t\t\t\t\t\t\t\t\t\t\t\t\t<img width=\"1024\" height=\"576\" src=\"https:\/\/m-pmp.hr\/wp-content\/uploads\/2021\/10\/Medimurje-pmp-Betonara-Ivanovec-1024x576.jpg\" class=\"attachment-large size-large\" alt=\"\" loading=\"lazy\" srcset=\"https:\/\/m-pmp.hr\/wp-content\/uploads\/2021\/10\/Medimurje-pmp-Betonara-Ivanovec-1024x576.jpg 1024w, https:\/\/m-pmp.hr\/wp-content\/uploads\/2021\/10\/Medimurje-pmp-Betonara-Ivanovec-300x169.jpg 300w, https:\/\/m-pmp.hr\/wp-content\/uploads\/2021\/10\/Medimurje-pmp-Betonara-Ivanovec-768x432.jpg 768w, https:\/\/m-pmp.hr\/wp-content\/uploads\/2021\/10\/Medimurje-pmp-Betonara-Ivanovec-1536x864.jpg 1536w\" sizes=\"(max-width: 1024px) 100vw, 1024px\" \/>\t\t\t\t\t\t\t\t\t\t\t\t\t\t\t<\/div>\n\t\t\t\t<\/div>\n\t\t\t\t\t<\/div>\n\t\t<\/div>\n\t\t\t\t\t\t\t<\/div>\n\t\t<\/section>\n\t\t\t\t\t\t\t<\/div>\n\t\t","protected":false},"excerpt":{"rendered":"<p>ABOUT US Me\u0111imurje PMP d.o.o. was established and registered with the Commercial Court in Vara\u017edin on September 20, 1999. The main activities of the company are construction and production of steel structures. In the first few years of operating, the [&hellip;]<\/p>\n","protected":false},"author":1,"featured_media":0,"parent":0,"menu_order":0,"comment_status":"closed","ping_status":"closed","template":"full-width.php","meta":[],"_links":{"self":[{"href":"https:\/\/m-pmp.hr\/en\/wp-json\/wp\/v2\/pages\/10392"}],"collection":[{"href":"https:\/\/m-pmp.hr\/en\/wp-json\/wp\/v2\/pages"}],"about":[{"href":"https:\/\/m-pmp.hr\/en\/wp-json\/wp\/v2\/types\/page"}],"author":[{"embeddable":true,"href":"https:\/\/m-pmp.hr\/en\/wp-json\/wp\/v2\/users\/1"}],"replies":[{"embeddable":true,"href":"https:\/\/m-pmp.hr\/en\/wp-json\/wp\/v2\/comments?post=10392"}],"version-history":[{"count":16,"href":"https:\/\/m-pmp.hr\/en\/wp-json\/wp\/v2\/pages\/10392\/revisions"}],"predecessor-version":[{"id":12505,"href":"https:\/\/m-pmp.hr\/en\/wp-json\/wp\/v2\/pages\/10392\/revisions\/12505"}],"wp:attachment":[{"href":"https:\/\/m-pmp.hr\/en\/wp-json\/wp\/v2\/media?parent=10392"}],"curies":[{"name":"wp","href":"https:\/\/api.w.org\/{rel}","templated":true}]}}