{"id":10546,"date":"2022-03-13T09:44:46","date_gmt":"2022-03-13T09:44:46","guid":{"rendered":"https:\/\/m-pmp.hr\/o-nama\/"},"modified":"2024-11-24T11:47:36","modified_gmt":"2024-11-24T11:47:36","slug":"uber-uns","status":"publish","type":"page","link":"https:\/\/m-pmp.hr\/de\/uber-uns\/","title":{"rendered":"\u00dcBER UNS"},"content":{"rendered":"\t\t<div data-elementor-type=\"wp-page\" data-elementor-id=\"10546\" class=\"elementor elementor-10546\">\n\t\t\t\t\t\t\t\t\t<section class=\"elementor-section elementor-top-section elementor-element elementor-element-9a18520 elementor-section-content-middle elementor-section-boxed elementor-section-height-default elementor-section-height-default mkdf-parallax-row-no mkdf-content-aligment-left mkdf-elementor-row-grid-no mkdf-disabled-bg-image-bellow-no mkdf-row-btt-light\" data-id=\"9a18520\" data-element_type=\"section\">\n\t\t\t\t\t\t<div class=\"elementor-container elementor-column-gap-no\">\n\t\t\t\t\t<div class=\"elementor-column elementor-col-50 elementor-top-column elementor-element elementor-element-1227c86e\" data-id=\"1227c86e\" data-element_type=\"column\">\n\t\t\t<div class=\"elementor-widget-wrap elementor-element-populated\">\n\t\t\t\t\t\t\t\t<div class=\"elementor-element elementor-element-16214d8d elementor-widget elementor-widget-image\" data-id=\"16214d8d\" data-element_type=\"widget\" data-widget_type=\"image.default\">\n\t\t\t\t<div class=\"elementor-widget-container\">\n\t\t\t\t\t\t\t\t\t\t\t\t\t\t\t<img width=\"2560\" height=\"1440\" src=\"https:\/\/m-pmp.hr\/wp-content\/uploads\/2024\/11\/slika-1-scaled.jpg\" class=\"attachment-full size-full\" alt=\"\" loading=\"lazy\" srcset=\"https:\/\/m-pmp.hr\/wp-content\/uploads\/2024\/11\/slika-1-scaled.jpg 2560w, https:\/\/m-pmp.hr\/wp-content\/uploads\/2024\/11\/slika-1-300x169.jpg 300w, https:\/\/m-pmp.hr\/wp-content\/uploads\/2024\/11\/slika-1-1024x576.jpg 1024w, https:\/\/m-pmp.hr\/wp-content\/uploads\/2024\/11\/slika-1-768x432.jpg 768w, https:\/\/m-pmp.hr\/wp-content\/uploads\/2024\/11\/slika-1-1536x864.jpg 1536w\" sizes=\"(max-width: 2560px) 100vw, 2560px\" \/>\t\t\t\t\t\t\t\t\t\t\t\t\t\t\t<\/div>\n\t\t\t\t<\/div>\n\t\t\t\t\t<\/div>\n\t\t<\/div>\n\t\t\t\t<div class=\"elementor-column elementor-col-50 elementor-top-column elementor-element elementor-element-5bf34bd9\" data-id=\"5bf34bd9\" data-element_type=\"column\">\n\t\t\t<div class=\"elementor-widget-wrap elementor-element-populated\">\n\t\t\t\t\t\t\t\t<div class=\"elementor-element elementor-element-21c4c990 elementor-widget elementor-widget-heading\" data-id=\"21c4c990\" data-element_type=\"widget\" data-widget_type=\"heading.default\">\n\t\t\t\t<div class=\"elementor-widget-container\">\n\t\t\t<h4 class=\"elementor-heading-title elementor-size-default\">\u00dcBER UNS<\/h4>\t\t<\/div>\n\t\t\t\t<\/div>\n\t\t\t\t<div class=\"elementor-element elementor-element-64699f15 elementor-widget elementor-widget-text-editor\" data-id=\"64699f15\" data-element_type=\"widget\" data-widget_type=\"text-editor.default\">\n\t\t\t\t<div class=\"elementor-widget-container\">\n\t\t\t\t\t\t\t<div class=\"wpb_text_column wpb_content_element \"><div class=\"wpb_wrapper\"><p>Das Unternehmen Me\u0111imurje PMP d.o.o. wurde am 20. September 1999 gegr\u00fcndet und beim Handelsgericht in Vara\u017edin eingetragen. Die Hauptt\u00e4tigkeit des Unternehmens ist der Bau und die Herstellung von Stahlkonstruktionen.<\/p><p>In den ersten Jahren nach der Gr\u00fcndung waren die dominierenden Aktivit\u00e4ten des Unternehmens die Herstellung und Montage von ALU &#8211; und PVC-Fenstern, die Montage von Gipsw\u00e4nden und Zwischendecken sowie die Herstellung und Montage verschiedener Stahlkonstruktionen auf dem nationalen Markt. Das Exportprogramm entstand durch die Produktion von stahlgeschwei\u00dften Komponenten der Betonmisch- und Transportanlage der renommierten deutschen Firma LIEBHERR (f\u00fcr die noch mehrere hundert Einheiten in Serie produziert und geliefert werden) sowie verschiedener Stahlkonstruktionen f\u00fcr den renommierten Deutschen Unternehmen, der Autogigant BMW, der bis zu 500.000,00 EUR pro Monat exportiert.<\/p><\/div><\/div>\t\t\t\t\t\t<\/div>\n\t\t\t\t<\/div>\n\t\t\t\t\t<\/div>\n\t\t<\/div>\n\t\t\t\t\t\t\t<\/div>\n\t\t<\/section>\n\t\t\t\t<section class=\"elementor-section elementor-top-section elementor-element elementor-element-892f330 elementor-section-content-middle elementor-section-boxed elementor-section-height-default elementor-section-height-default mkdf-parallax-row-no mkdf-content-aligment-left mkdf-elementor-row-grid-no mkdf-disabled-bg-image-bellow-no mkdf-row-btt-light\" data-id=\"892f330\" data-element_type=\"section\">\n\t\t\t\t\t\t<div class=\"elementor-container elementor-column-gap-no\">\n\t\t\t\t\t<div class=\"elementor-column elementor-col-50 elementor-top-column elementor-element elementor-element-1bd0403\" data-id=\"1bd0403\" data-element_type=\"column\">\n\t\t\t<div class=\"elementor-widget-wrap elementor-element-populated\">\n\t\t\t\t\t\t\t\t<div class=\"elementor-element elementor-element-9b5e765 elementor-widget elementor-widget-text-editor\" data-id=\"9b5e765\" data-element_type=\"widget\" data-widget_type=\"text-editor.default\">\n\t\t\t\t<div class=\"elementor-widget-container\">\n\t\t\t\t\t\t\t<div><div><p>Nach zehnj\u00e4hriger Entwicklung hat das Unternehmen Me\u0111imurje PMP begonnen, den Markt eindeutig durch zwei Hauptarbeitsgruppen zu erkennen: Stahlkonstruktionen und Konstruktionen.<\/p><p>Durch Beschluss der Kommission der Regierung der Republik Kroatien f\u00fcr die Erteilung von Arbeitsgenehmigungen im Rahmen des Abkommens \u00fcber die Ausf\u00fchrung von Arbeiten in der Bundesrepublik Deutschland mit dem zust\u00e4ndigen Ministerium hat das Unternehmen Me\u0111imurje PMP d.o.o. seit dem Jahr 2000 hat er eine st\u00e4ndige Arbeitserlaubnis, dank derer er Installations- und Bauarbeiten auf dem Gebiet der Bundesrepublik Deutschland durchf\u00fchrt.<\/p><p>Das Unternehmen Me\u0111imurje PMP d.o.o. \u00fcbt seine kommerzielle T\u00e4tigkeit in seinen Fabriken aus, die aus 11.000 m\u00b2 Produktion und 500 m\u00b2 B\u00fcros sowie 25.000 m\u00b2 Industriehof mit eigenen Mitteln bestehen, die f\u00fcr die Durchf\u00fchrung von Produktionst\u00e4tigkeiten erforderlich sind.<\/p><\/div><\/div>\t\t\t\t\t\t<\/div>\n\t\t\t\t<\/div>\n\t\t\t\t\t<\/div>\n\t\t<\/div>\n\t\t\t\t<div class=\"elementor-column elementor-col-50 elementor-top-column elementor-element elementor-element-b66e79a\" data-id=\"b66e79a\" data-element_type=\"column\">\n\t\t\t<div class=\"elementor-widget-wrap elementor-element-populated\">\n\t\t\t\t\t\t\t\t<div class=\"elementor-element elementor-element-114818b elementor-widget elementor-widget-image\" data-id=\"114818b\" data-element_type=\"widget\" data-widget_type=\"image.default\">\n\t\t\t\t<div class=\"elementor-widget-container\">\n\t\t\t\t\t\t\t\t\t\t\t\t\t\t\t<img width=\"1794\" height=\"756\" src=\"https:\/\/m-pmp.hr\/wp-content\/uploads\/2024\/11\/slika-br2.jpg\" class=\"attachment-full size-full\" alt=\"\" loading=\"lazy\" srcset=\"https:\/\/m-pmp.hr\/wp-content\/uploads\/2024\/11\/slika-br2.jpg 1794w, https:\/\/m-pmp.hr\/wp-content\/uploads\/2024\/11\/slika-br2-300x126.jpg 300w, https:\/\/m-pmp.hr\/wp-content\/uploads\/2024\/11\/slika-br2-1024x432.jpg 1024w, https:\/\/m-pmp.hr\/wp-content\/uploads\/2024\/11\/slika-br2-768x324.jpg 768w, https:\/\/m-pmp.hr\/wp-content\/uploads\/2024\/11\/slika-br2-1536x647.jpg 1536w\" sizes=\"(max-width: 1794px) 100vw, 1794px\" \/>\t\t\t\t\t\t\t\t\t\t\t\t\t\t\t<\/div>\n\t\t\t\t<\/div>\n\t\t\t\t\t<\/div>\n\t\t<\/div>\n\t\t\t\t\t\t\t<\/div>\n\t\t<\/section>\n\t\t\t\t<section class=\"elementor-section elementor-top-section elementor-element elementor-element-5224d3ba elementor-section-content-middle elementor-section-boxed elementor-section-height-default elementor-section-height-default mkdf-parallax-row-no mkdf-content-aligment-left mkdf-elementor-row-grid-no mkdf-disabled-bg-image-bellow-no mkdf-row-btt-light\" data-id=\"5224d3ba\" data-element_type=\"section\">\n\t\t\t\t\t\t<div class=\"elementor-container elementor-column-gap-no\">\n\t\t\t\t\t<div class=\"elementor-column elementor-col-50 elementor-top-column elementor-element elementor-element-4c6f9046\" data-id=\"4c6f9046\" data-element_type=\"column\">\n\t\t\t<div class=\"elementor-widget-wrap elementor-element-populated\">\n\t\t\t\t\t\t\t\t<div class=\"elementor-element elementor-element-677307a9 elementor-widget elementor-widget-heading\" data-id=\"677307a9\" data-element_type=\"widget\" data-widget_type=\"heading.default\">\n\t\t\t\t<div class=\"elementor-widget-container\">\n\t\t\t<h3 class=\"elementor-heading-title elementor-size-default\">ZERTIFIKATE<\/h3>\t\t<\/div>\n\t\t\t\t<\/div>\n\t\t\t\t<div class=\"elementor-element elementor-element-1cdb23c5 elementor-widget-divider--view-line elementor-widget elementor-widget-divider\" data-id=\"1cdb23c5\" data-element_type=\"widget\" data-widget_type=\"divider.default\">\n\t\t\t\t<div class=\"elementor-widget-container\">\n\t\t\t\t\t<div class=\"elementor-divider\">\n\t\t\t<span class=\"elementor-divider-separator\">\n\t\t\t\t\t\t<\/span>\n\t\t<\/div>\n\t\t\t\t<\/div>\n\t\t\t\t<\/div>\n\t\t\t\t<div class=\"elementor-element elementor-element-44b7690b elementor-widget elementor-widget-image\" data-id=\"44b7690b\" data-element_type=\"widget\" data-widget_type=\"image.default\">\n\t\t\t\t<div class=\"elementor-widget-container\">\n\t\t\t\t\t\t\t\t\t\t\t\t\t\t\t<img width=\"300\" height=\"138\" src=\"https:\/\/m-pmp.hr\/wp-content\/uploads\/2021\/07\/Certifikati-pmp-300x138.png\" class=\"elementor-animation-grow attachment-medium size-medium\" alt=\"\" loading=\"lazy\" srcset=\"https:\/\/m-pmp.hr\/wp-content\/uploads\/2021\/07\/Certifikati-pmp-300x138.png 300w, https:\/\/m-pmp.hr\/wp-content\/uploads\/2021\/07\/Certifikati-pmp.png 650w\" sizes=\"(max-width: 300px) 100vw, 300px\" \/>\t\t\t\t\t\t\t\t\t\t\t\t\t\t\t<\/div>\n\t\t\t\t<\/div>\n\t\t\t\t\t<\/div>\n\t\t<\/div>\n\t\t\t\t<div class=\"elementor-column elementor-col-50 elementor-top-column elementor-element elementor-element-21d748d9\" data-id=\"21d748d9\" data-element_type=\"column\">\n\t\t\t<div class=\"elementor-widget-wrap\">\n\t\t\t\t\t\t\t\t\t<\/div>\n\t\t<\/div>\n\t\t\t\t\t\t\t<\/div>\n\t\t<\/section>\n\t\t\t\t<section class=\"elementor-section elementor-top-section elementor-element elementor-element-56e9f2b4 elementor-section-content-middle elementor-section-boxed elementor-section-height-default elementor-section-height-default mkdf-parallax-row-no mkdf-content-aligment-left mkdf-elementor-row-grid-no mkdf-disabled-bg-image-bellow-no mkdf-row-btt-light\" data-id=\"56e9f2b4\" data-element_type=\"section\">\n\t\t\t\t\t\t<div class=\"elementor-container elementor-column-gap-no\">\n\t\t\t\t\t<div class=\"elementor-column elementor-col-50 elementor-top-column elementor-element elementor-element-64374a9\" data-id=\"64374a9\" data-element_type=\"column\">\n\t\t\t<div class=\"elementor-widget-wrap elementor-element-populated\">\n\t\t\t\t\t\t\t\t<div class=\"elementor-element elementor-element-2973a820 elementor-widget elementor-widget-heading\" data-id=\"2973a820\" data-element_type=\"widget\" data-widget_type=\"heading.default\">\n\t\t\t\t<div class=\"elementor-widget-container\">\n\t\t\t<h3 class=\"elementor-heading-title elementor-size-default\">ZEMENTWERKE UND KIESWERKE<\/h3>\t\t<\/div>\n\t\t\t\t<\/div>\n\t\t\t\t<div class=\"elementor-element elementor-element-cf98d80 elementor-widget elementor-widget-text-editor\" data-id=\"cf98d80\" data-element_type=\"widget\" data-widget_type=\"text-editor.default\">\n\t\t\t\t<div class=\"elementor-widget-container\">\n\t\t\t\t\t\t\t<p>Innerhalb des Unternehmens Me\u0111imurje PMP gibt es auch zwei Kiesgruben (Poleve, Tur\u010di\u0161\u0107e) und Betonmischanlagen (Prelog, Ivanovec). Weitere Informationen finden Sie auf den entsprechenden Seiten.<\/p>\t\t\t\t\t\t<\/div>\n\t\t\t\t<\/div>\n\t\t\t\t<div class=\"elementor-element elementor-element-7ffdb9a4 elementor-widget-divider--view-line elementor-widget elementor-widget-divider\" data-id=\"7ffdb9a4\" data-element_type=\"widget\" data-widget_type=\"divider.default\">\n\t\t\t\t<div class=\"elementor-widget-container\">\n\t\t\t\t\t<div class=\"elementor-divider\">\n\t\t\t<span class=\"elementor-divider-separator\">\n\t\t\t\t\t\t<\/span>\n\t\t<\/div>\n\t\t\t\t<\/div>\n\t\t\t\t<\/div>\n\t\t\t\t\t<\/div>\n\t\t<\/div>\n\t\t\t\t<div class=\"elementor-column elementor-col-50 elementor-top-column elementor-element elementor-element-526ebbd1\" data-id=\"526ebbd1\" data-element_type=\"column\">\n\t\t\t<div class=\"elementor-widget-wrap elementor-element-populated\">\n\t\t\t\t\t\t\t\t<div class=\"elementor-element elementor-element-320f234 elementor-widget elementor-widget-image\" data-id=\"320f234\" data-element_type=\"widget\" data-widget_type=\"image.default\">\n\t\t\t\t<div class=\"elementor-widget-container\">\n\t\t\t\t\t\t\t\t\t\t\t\t\t\t\t<img width=\"1024\" height=\"576\" src=\"https:\/\/m-pmp.hr\/wp-content\/uploads\/2021\/10\/Medimurje-pmp-Betonara-Ivanovec-1024x576.jpg\" class=\"attachment-large size-large\" alt=\"\" loading=\"lazy\" srcset=\"https:\/\/m-pmp.hr\/wp-content\/uploads\/2021\/10\/Medimurje-pmp-Betonara-Ivanovec-1024x576.jpg 1024w, https:\/\/m-pmp.hr\/wp-content\/uploads\/2021\/10\/Medimurje-pmp-Betonara-Ivanovec-300x169.jpg 300w, https:\/\/m-pmp.hr\/wp-content\/uploads\/2021\/10\/Medimurje-pmp-Betonara-Ivanovec-768x432.jpg 768w, https:\/\/m-pmp.hr\/wp-content\/uploads\/2021\/10\/Medimurje-pmp-Betonara-Ivanovec-1536x864.jpg 1536w\" sizes=\"(max-width: 1024px) 100vw, 1024px\" \/>\t\t\t\t\t\t\t\t\t\t\t\t\t\t\t<\/div>\n\t\t\t\t<\/div>\n\t\t\t\t\t<\/div>\n\t\t<\/div>\n\t\t\t\t\t\t\t<\/div>\n\t\t<\/section>\n\t\t\t\t\t\t\t<\/div>\n\t\t","protected":false},"excerpt":{"rendered":"<p>\u00dcBER UNS Das Unternehmen Me\u0111imurje PMP d.o.o. wurde am 20. September 1999 gegr\u00fcndet und beim Handelsgericht in Vara\u017edin eingetragen. Die Hauptt\u00e4tigkeit des Unternehmens ist der Bau und die Herstellung von Stahlkonstruktionen. In den ersten Jahren nach der Gr\u00fcndung waren die [&hellip;]<\/p>\n","protected":false},"author":1,"featured_media":0,"parent":0,"menu_order":0,"comment_status":"closed","ping_status":"closed","template":"full-width.php","meta":[],"_links":{"self":[{"href":"https:\/\/m-pmp.hr\/de\/wp-json\/wp\/v2\/pages\/10546"}],"collection":[{"href":"https:\/\/m-pmp.hr\/de\/wp-json\/wp\/v2\/pages"}],"about":[{"href":"https:\/\/m-pmp.hr\/de\/wp-json\/wp\/v2\/types\/page"}],"author":[{"embeddable":true,"href":"https:\/\/m-pmp.hr\/de\/wp-json\/wp\/v2\/users\/1"}],"replies":[{"embeddable":true,"href":"https:\/\/m-pmp.hr\/de\/wp-json\/wp\/v2\/comments?post=10546"}],"version-history":[{"count":21,"href":"https:\/\/m-pmp.hr\/de\/wp-json\/wp\/v2\/pages\/10546\/revisions"}],"predecessor-version":[{"id":12508,"href":"https:\/\/m-pmp.hr\/de\/wp-json\/wp\/v2\/pages\/10546\/revisions\/12508"}],"wp:attachment":[{"href":"https:\/\/m-pmp.hr\/de\/wp-json\/wp\/v2\/media?parent=10546"}],"curies":[{"name":"wp","href":"https:\/\/api.w.org\/{rel}","templated":true}]}}