{"id":10485,"date":"2022-03-13T08:49:49","date_gmt":"2022-03-13T08:49:49","guid":{"rendered":"https:\/\/m-pmp.hr\/alu-i-pvc-stolarija\/"},"modified":"2022-03-13T09:13:15","modified_gmt":"2022-03-13T09:13:15","slug":"alu-und-pvc-tischlerei","status":"publish","type":"page","link":"https:\/\/m-pmp.hr\/de\/alu-und-pvc-tischlerei\/","title":{"rendered":"ALU und PVC Tischlerei"},"content":{"rendered":"\t\t<div data-elementor-type=\"wp-page\" data-elementor-id=\"10485\" class=\"elementor elementor-10485\">\n\t\t\t\t\t\t\t\t\t<section class=\"elementor-section elementor-top-section elementor-element elementor-element-4b17edd5 elementor-section-boxed elementor-section-height-default elementor-section-height-default mkdf-parallax-row-no mkdf-content-aligment-left mkdf-elementor-row-grid-no mkdf-disabled-bg-image-bellow-no mkdf-row-btt-light\" data-id=\"4b17edd5\" data-element_type=\"section\">\n\t\t\t\t\t\t<div class=\"elementor-container elementor-column-gap-default\">\n\t\t\t\t\t<div class=\"elementor-column elementor-col-100 elementor-top-column elementor-element elementor-element-18ee49c7\" data-id=\"18ee49c7\" data-element_type=\"column\">\n\t\t\t<div class=\"elementor-widget-wrap elementor-element-populated\">\n\t\t\t\t\t\t\t\t<div class=\"elementor-element elementor-element-6312bc29 elementor-widget elementor-widget-text-editor\" data-id=\"6312bc29\" data-element_type=\"widget\" data-widget_type=\"text-editor.default\">\n\t\t\t\t<div class=\"elementor-widget-container\">\n\t\t\t\t\t\t\t<p>[vc_row row_content_width=&#8220;grid&#8220; row_btt_skin=&#8220;light&#8220; enable_bg_pattern=&#8220;no&#8220; row_background_text_position=&#8220;front&#8220; row_skin=&#8220;dark&#8220; css=&#8220;.vc_custom_1556099311357{padding-top: 40px !important;padding-bottom: 50px !important;}&#8220;][vc_column offset=&#8220;vc_col-lg-offset-0 vc_col-lg-12 vc_col-md-offset-0 vc_col-md-12 vc_col-sm-offset-0&#8243;]<div class=\"mkdf-elements-holder   mkdf-two-columns  mkdf-responsive-mode-1024 \" ><div class=\"mkdf-eh-item    \"  data-item-class=\"mkdf-eh-custom-9021\" data-1367-1600=\"0px 10px 0 0px\" data-1025-1366=\"0px 0px 0 0px\" data-769-1024=\"0px 0px 0 0px\" data-681-768=\"0px 0px 0 0px\" data-680=\"0px 0px 0 0px\">\n\t<div class=\"mkdf-eh-item-inner\">\n\t\t<div class=\"mkdf-eh-item-content mkdf-eh-custom-9021\" style=\"padding: 0 0 0 0\">\n\t\t\t[vc_video link=&#8220;https:\/\/vimeo.com\/180212937&#8243;]\t\t<\/div>\n\t<\/div>\n<\/div><div class=\"mkdf-eh-item    \"  data-item-class=\"mkdf-eh-custom-8685\" data-1367-1600=\"0px 120px 8px 50px\" data-1025-1366=\"0px 21px 4px 40px\" data-769-1024=\"57px 260px 0 0px\" data-681-768=\"57px 120px 0 0px\" data-680=\"57px 0px 0 0px\">\n\t<div class=\"mkdf-eh-item-inner\">\n\t\t<div class=\"mkdf-eh-item-content mkdf-eh-custom-8685\" style=\"padding: 0px 90px 8px 80px\">\n\t\t\t[vc_column_text]<\/p><h3>ALU und PVC Tischlerei<\/h3><p>In den ersten Jahren nach der Gr\u00fcndung des Unternehmens nahm die Produktion und Montage von ALU- und PVC-Tischlerei sehr wichtige Unternehmenspositionen ein. Der Auf- und Ausbau des Unternehmens in anderen Disziplinen hat das fachlich und technisch st\u00e4rkere Team sowohl im ALU- als auch im PVC-Bereich vorangetrieben. Die Abteilung des Unternehmens f\u00fcr die Herstellung und Montage von PVC- und ALU-Tischlerei hat das Zertifikat f\u00fcr das Qualit\u00e4tsmanagementsystem EN ISO 9001.[\/vc_column_text][vc_empty_space]\t\t<\/div>\n\t<\/div>\n<\/div><\/div>[\/vc_column][\/vc_row][vc_row row_content_width=&#8220;grid&#8220; row_btt_skin=&#8220;light&#8220; enable_bg_pattern=&#8220;no&#8220; row_background_text_position=&#8220;front&#8220; row_skin=&#8220;dark&#8220; css=&#8220;.vc_custom_1556099311357{padding-top: 40px !important;padding-bottom: 50px !important;}&#8220;][vc_column offset=&#8220;vc_col-lg-offset-0 vc_col-lg-12 vc_col-md-offset-0 vc_col-md-12 vc_col-sm-offset-0&#8243;]<div class=\"mkdf-elements-holder   mkdf-two-columns  mkdf-responsive-mode-1024 \" ><div class=\"mkdf-eh-item    \"  data-item-class=\"mkdf-eh-custom-8061\" data-1367-1600=\"0px 120px 8px 50px\" data-1025-1366=\"0px 21px 4px 40px\" data-769-1024=\"57px 260px 0 0px\" data-681-768=\"57px 120px 0 0px\" data-680=\"57px 0px 0 0px\">\n\t<div class=\"mkdf-eh-item-inner\">\n\t\t<div class=\"mkdf-eh-item-content mkdf-eh-custom-8061\" style=\"padding: 0px 90px 8px 80px\">\n\t\t\t[vc_column_text]<\/p><h3>PVC Tischlerei<\/h3><p>Die Abteilung PMP in Me\u0111imurje stellt PVC-Tischlerei aus \u201cKBE\u201d-Profilen her Im Standardangebot werden die Fenster aus PVC-F\u00fcnfkammer SELECT-System mit verzinkten Stahlverst\u00e4rkungen im Inneren des Profils gem\u00e4\u00df statischen Berechnungen und Herstelleranweisungen hergestellt (Uf=1,3 W\/m\u00b2K)<br \/>Es wird Diebstahlsicherungshardware von \u201cWinkhaus\u201d (Deutschland) verwendet. In der Standardverglasung wird IZO 24 mm (4+16+4) Low-e (Uf=1,1 W\/m\u00b2K) verwendet, und die Dreischichtverglasung Low IZO 40 mm (4+14+4+14+4) Low-e (Uf=0,75 W\/m\u00b2K) ist ebenfalls angeboten.<br \/>[\/vc_column_text][vc_empty_space]\t\t<\/div>\n\t<\/div>\n<\/div><div class=\"mkdf-eh-item    \"  data-item-class=\"mkdf-eh-custom-8293\" data-1367-1600=\"0px 10px 0 0px\" data-1025-1366=\"0px 0px 0 0px\" data-769-1024=\"0px 0px 0 0px\" data-681-768=\"0px 0px 0 0px\" data-680=\"0px 0px 0 0px\">\n\t<div class=\"mkdf-eh-item-inner\">\n\t\t<div class=\"mkdf-eh-item-content mkdf-eh-custom-8293\" style=\"padding: 0 0 0 0\">\n\t\t\t<div class=\"mkdf-single-image-holder   \">\n    <div class=\"mkdf-si-inner\" >\n                                    <img width=\"368\" height=\"368\" src=\"https:\/\/m-pmp.hr\/wp-content\/uploads\/2021\/10\/KBE-88-Haustuer-innen-oeffnend-Anthrazitgrau-glatt.jpg\" class=\"attachment-full size-full\" alt=\"\" loading=\"lazy\" srcset=\"https:\/\/m-pmp.hr\/wp-content\/uploads\/2021\/10\/KBE-88-Haustuer-innen-oeffnend-Anthrazitgrau-glatt.jpg 368w, https:\/\/m-pmp.hr\/wp-content\/uploads\/2021\/10\/KBE-88-Haustuer-innen-oeffnend-Anthrazitgrau-glatt-300x300.jpg 300w, https:\/\/m-pmp.hr\/wp-content\/uploads\/2021\/10\/KBE-88-Haustuer-innen-oeffnend-Anthrazitgrau-glatt-150x150.jpg 150w\" sizes=\"(max-width: 368px) 100vw, 368px\" \/>                        <\/div>\n<\/div>\t\t<\/div>\n\t<\/div>\n<\/div><\/div>[\/vc_column][\/vc_row][vc_row row_content_width=&#8220;grid&#8220; row_btt_skin=&#8220;light&#8220; enable_bg_pattern=&#8220;no&#8220; row_background_text_position=&#8220;front&#8220; row_skin=&#8220;dark&#8220; css=&#8220;.vc_custom_1556099311357{padding-top: 40px !important;padding-bottom: 50px !important;}&#8220;][vc_column offset=&#8220;vc_col-lg-offset-0 vc_col-lg-12 vc_col-md-offset-0 vc_col-md-12 vc_col-sm-offset-0&#8243;]<div class=\"mkdf-elements-holder   mkdf-two-columns  mkdf-responsive-mode-1024 \" ><div class=\"mkdf-eh-item    \"  data-item-class=\"mkdf-eh-custom-4632\" data-1367-1600=\"0px 10px 0 0px\" data-1025-1366=\"0px 0px 0 0px\" data-769-1024=\"0px 0px 0 0px\" data-681-768=\"0px 0px 0 0px\" data-680=\"0px 0px 0 0px\">\n\t<div class=\"mkdf-eh-item-inner\">\n\t\t<div class=\"mkdf-eh-item-content mkdf-eh-custom-4632\" style=\"padding: 0 0 0 0\">\n\t\t\t<div class=\"mkdf-single-image-holder   \">\n    <div class=\"mkdf-si-inner\" >\n                                    <img width=\"1920\" height=\"1294\" src=\"https:\/\/m-pmp.hr\/wp-content\/uploads\/2021\/10\/191.jpg\" class=\"attachment-full size-full\" alt=\"\" loading=\"lazy\" srcset=\"https:\/\/m-pmp.hr\/wp-content\/uploads\/2021\/10\/191.jpg 1920w, https:\/\/m-pmp.hr\/wp-content\/uploads\/2021\/10\/191-300x202.jpg 300w, https:\/\/m-pmp.hr\/wp-content\/uploads\/2021\/10\/191-1024x690.jpg 1024w, https:\/\/m-pmp.hr\/wp-content\/uploads\/2021\/10\/191-768x518.jpg 768w, https:\/\/m-pmp.hr\/wp-content\/uploads\/2021\/10\/191-1536x1035.jpg 1536w\" sizes=\"(max-width: 1920px) 100vw, 1920px\" \/>                        <\/div>\n<\/div>\t\t<\/div>\n\t<\/div>\n<\/div><div class=\"mkdf-eh-item    \"  data-item-class=\"mkdf-eh-custom-9507\" data-1367-1600=\"0px 120px 8px 50px\" data-1025-1366=\"0px 21px 4px 40px\" data-769-1024=\"57px 260px 0 0px\" data-681-768=\"57px 120px 0 0px\" data-680=\"57px 0px 0 0px\">\n\t<div class=\"mkdf-eh-item-inner\">\n\t\t<div class=\"mkdf-eh-item-content mkdf-eh-custom-9507\" style=\"padding: 0px 90px 8px 80px\">\n\t\t\t[vc_column_text]Wir sind in der Lage, eine gro\u00dfe Auswahl an Fenstersystemen mit einer Vielzahl von Designs und Kombinationen anzubieten, die alle W\u00fcnsche selbst der anspruchsvollsten Designer und Hausbesitzer erf\u00fcllen. Der von Me\u0111imurje PMP in Zusammenarbeit mit \u201cKBE\u201d abgedeckte Produktionsbereich umfasst ein breites Spektrum, von PVC-Profilsystemen f\u00fcr T\u00fcren und Fenster, Rolll\u00e4den, Balkongel\u00e4nder bis hin zu hochwertigen Mehrzweck-PVC-Panel (verwendet zum Beispiel in der Industrie, aber auch f\u00fcr Eingangst\u00fcren oder Werbung Tafeln).[\/vc_column_text][vc_empty_space]\t\t<\/div>\n\t<\/div>\n<\/div><\/div>[\/vc_column][\/vc_row]<\/p>\t\t\t\t\t\t<\/div>\n\t\t\t\t<\/div>\n\t\t\t\t\t<\/div>\n\t\t<\/div>\n\t\t\t\t\t\t\t<\/div>\n\t\t<\/section>\n\t\t\t\t\t\t\t<\/div>\n\t\t","protected":false},"excerpt":{"rendered":"<p>[vc_row row_content_width=&#8220;grid&#8220; row_btt_skin=&#8220;light&#8220; enable_bg_pattern=&#8220;no&#8220; row_background_text_position=&#8220;front&#8220; row_skin=&#8220;dark&#8220; css=&#8220;.vc_custom_1556099311357{padding-top: 40px !important;padding-bottom: 50px !important;}&#8220;][vc_column offset=&#8220;vc_col-lg-offset-0 vc_col-lg-12 vc_col-md-offset-0 vc_col-md-12 vc_col-sm-offset-0&#8243;][\/vc_column][\/vc_row][vc_row row_content_width=&#8220;grid&#8220; row_btt_skin=&#8220;light&#8220; enable_bg_pattern=&#8220;no&#8220; row_background_text_position=&#8220;front&#8220; row_skin=&#8220;dark&#8220; css=&#8220;.vc_custom_1556099311357{padding-top: 40px !important;padding-bottom: 50px !important;}&#8220;][vc_column offset=&#8220;vc_col-lg-offset-0 vc_col-lg-12 vc_col-md-offset-0 vc_col-md-12 vc_col-sm-offset-0&#8243;][\/vc_column][\/vc_row][vc_row row_content_width=&#8220;grid&#8220; row_btt_skin=&#8220;light&#8220; enable_bg_pattern=&#8220;no&#8220; row_background_text_position=&#8220;front&#8220; row_skin=&#8220;dark&#8220; css=&#8220;.vc_custom_1556099311357{padding-top: 40px !important;padding-bottom: 50px [&hellip;]<\/p>\n","protected":false},"author":1,"featured_media":0,"parent":0,"menu_order":0,"comment_status":"closed","ping_status":"closed","template":"full-width.php","meta":[],"_links":{"self":[{"href":"https:\/\/m-pmp.hr\/de\/wp-json\/wp\/v2\/pages\/10485"}],"collection":[{"href":"https:\/\/m-pmp.hr\/de\/wp-json\/wp\/v2\/pages"}],"about":[{"href":"https:\/\/m-pmp.hr\/de\/wp-json\/wp\/v2\/types\/page"}],"author":[{"embeddable":true,"href":"https:\/\/m-pmp.hr\/de\/wp-json\/wp\/v2\/users\/1"}],"replies":[{"embeddable":true,"href":"https:\/\/m-pmp.hr\/de\/wp-json\/wp\/v2\/comments?post=10485"}],"version-history":[{"count":21,"href":"https:\/\/m-pmp.hr\/de\/wp-json\/wp\/v2\/pages\/10485\/revisions"}],"predecessor-version":[{"id":10509,"href":"https:\/\/m-pmp.hr\/de\/wp-json\/wp\/v2\/pages\/10485\/revisions\/10509"}],"wp:attachment":[{"href":"https:\/\/m-pmp.hr\/de\/wp-json\/wp\/v2\/media?parent=10485"}],"curies":[{"name":"wp","href":"https:\/\/api.w.org\/{rel}","templated":true}]}}